{"id":3,"date":"2025-10-21T23:38:05","date_gmt":"2025-10-21T23:38:05","guid":{"rendered":"http:\/\/goya-oit.org\/?page_id=3"},"modified":"2025-10-30T03:18:43","modified_gmt":"2025-10-30T03:18:43","slug":"terminos-y-condiciones","status":"publish","type":"page","link":"https:\/\/goya-oit.org\/en\/terminos-y-condiciones\/","title":{"rendered":"Terminos y Condiciones"},"content":{"rendered":"<div data-elementor-type=\"wp-page\" data-elementor-id=\"3\" class=\"elementor elementor-3\" data-elementor-post-type=\"page\">\n\t\t\t\t<div data-particle_enable=\"false\" data-particle-mobile-disabled=\"false\" class=\"elementor-element elementor-element-8f9d53e e-flex e-con-boxed e-con e-parent\" data-id=\"8f9d53e\" data-element_type=\"container\">\n\t\t\t\t\t<div class=\"e-con-inner\">\n\t\t\t\t<div class=\"elementor-element elementor-element-15e4f46 elementor-widget elementor-widget-text-editor\" data-id=\"15e4f46\" data-element_type=\"widget\" data-widget_type=\"text-editor.default\">\n\t\t\t\t\t\t\t\t\t<h1 data-start=\"191\" data-end=\"246\"><strong data-start=\"193\" data-end=\"244\">T\u00e9rminos y Condiciones de Uso\u00a0<\/strong><\/h1><h1 data-start=\"191\" data-end=\"246\"><strong data-start=\"193\" data-end=\"244\">Plataforma GOYA<\/strong><\/h1><p data-start=\"247\" data-end=\"290\"><strong data-start=\"247\" data-end=\"272\">\u00daltima actualizaci\u00f3n:<\/strong> Octubre de 2025<\/p><p data-start=\"6518\" data-end=\"6820\">\u00a0<\/p>\t\t\t\t\t\t\t\t<\/div>\n\t\t\t\t\t<\/div>\n\t\t\t\t<\/div>\n\t\t<div data-particle_enable=\"false\" data-particle-mobile-disabled=\"false\" class=\"elementor-element elementor-element-8a034f7 e-flex e-con-boxed e-con e-parent\" data-id=\"8a034f7\" data-element_type=\"container\">\n\t\t\t\t\t<div class=\"e-con-inner\">\n\t\t\t\t<div class=\"elementor-element elementor-element-5113cd42 elementor-widget elementor-widget-text-editor\" data-id=\"5113cd42\" data-element_type=\"widget\" data-widget_type=\"text-editor.default\">\n\t\t\t\t\t\t\t\t\t<h2 data-start=\"297\" data-end=\"335\"><strong data-start=\"300\" data-end=\"333\">1. Aceptaci\u00f3n de los t\u00e9rminos<\/strong><\/h2><p data-start=\"336\" data-end=\"655\">El acceso y uso del sitio web <a class=\"decorated-link\" href=\"https:\/\/goya-oit.org\/en\/\" target=\"_new\" rel=\"noopener\" data-start=\"366\" data-end=\"382\">www.goya-oit.org<\/a> (en adelante, \u201cla Plataforma\u201d o \u201cGOYA\u201d) implica la aceptaci\u00f3n plena y sin reservas de los presentes T\u00e9rminos y Condiciones por parte del usuario. Si no est\u00e1 de acuerdo con alguna de las disposiciones aqu\u00ed contenidas, le recomendamos abstenerse de utilizar la Plataforma.<\/p><p data-start=\"657\" data-end=\"1081\">La Organizaci\u00f3n Internacional del Trabajo (OIT) \u2013 Oficina de Pa\u00eds para Colombia (en adelante, \u201cOIT Colombia\u201d) se reserva el derecho de modificar, actualizar o ampliar estos T\u00e9rminos y Condiciones en cualquier momento. Las modificaciones se publicar\u00e1n en este sitio web y entrar\u00e1n en vigor de manera inmediata. El uso continuado de la Plataforma tras la publicaci\u00f3n de dichos cambios constituye la aceptaci\u00f3n de los mismos.<\/p><hr data-start=\"1083\" data-end=\"1086\" \/><h2 data-start=\"1088\" data-end=\"1139\">\u00a0<\/h2><h2 data-start=\"1088\" data-end=\"1139\"><strong data-start=\"1091\" data-end=\"1137\">2. Naturaleza y finalidad de la Plataforma<\/strong><\/h2><p data-start=\"1140\" data-end=\"1422\">GOYA es una plataforma digital de gesti\u00f3n, an\u00e1lisis y aprendizaje desarrollada por la OIT Colombia con el prop\u00f3sito de fortalecer procesos educativos, institucionales y sociales mediante el uso de inteligencia artificial, anal\u00edtica de datos y metodolog\u00edas pedag\u00f3gicas innovadoras.<\/p><p data-start=\"1424\" data-end=\"1815\">Actualmente, la Plataforma se encuentra en una fase inicial enfocada en compartir herramientas y recursos digitales basados en inteligencia artificial, orientados al aprendizaje y la innovaci\u00f3n. En fases posteriores, GOYA ofrecer\u00e1 programas de formaci\u00f3n profesional, espacios virtuales de aprendizaje y herramientas para el desarrollo de capacidades t\u00e9cnicas, digitales y socioemocionales.<\/p><hr data-start=\"1817\" data-end=\"1820\" \/><h2 data-start=\"1822\" data-end=\"1855\">\u00a0<\/h2><h2 data-start=\"1822\" data-end=\"1855\"><strong data-start=\"1825\" data-end=\"1853\">3. Propiedad intelectual<\/strong><\/h2><p data-start=\"1856\" data-end=\"2219\">Todo el contenido disponible en la Plataforma \u2014incluyendo textos, im\u00e1genes, logotipos, marcas, dise\u00f1os, bases de datos, materiales educativos, algoritmos y las herramientas derivadas del ecosistema GOYA (GiorgIA, CayitIA, GOIA y Kita)\u2014 es propiedad exclusiva de la Organizaci\u00f3n Internacional del Trabajo (OIT Colombia) o de sus aliados bajo licencia autorizada.<\/p><p data-start=\"2221\" data-end=\"2436\">Est\u00e1 estrictamente prohibida la reproducci\u00f3n, distribuci\u00f3n, modificaci\u00f3n, adaptaci\u00f3n, publicaci\u00f3n o utilizaci\u00f3n con fines comerciales de los contenidos, sin la autorizaci\u00f3n previa y por escrito de la OIT Colombia.<\/p><p data-start=\"2438\" data-end=\"2643\">El nombre GOYA, su identidad visual y su ecosistema conceptual constituyen activos institucionales protegidos bajo las normativas nacionales e internacionales de propiedad intelectual y derecho de autor.<\/p><hr data-start=\"2645\" data-end=\"2648\" \/><h2 data-start=\"2650\" data-end=\"2675\">\u00a0<\/h2><h2 data-start=\"2650\" data-end=\"2675\"><strong data-start=\"2653\" data-end=\"2673\">4. Uso permitido<\/strong><\/h2><p data-start=\"2676\" data-end=\"2886\">El usuario se compromete a utilizar la Plataforma y sus contenidos conforme a la legislaci\u00f3n vigente, los principios \u00e9ticos de la OIT y estos T\u00e9rminos y Condiciones. En particular, el usuario se abstendr\u00e1 de:<\/p><ul data-start=\"2888\" data-end=\"3314\"><li data-start=\"2888\" data-end=\"2999\"><p data-start=\"2890\" data-end=\"2999\">Usar la Plataforma con fines ilegales, fraudulentos o contrarios a los objetivos institucionales de la OIT.<\/p><\/li><li data-start=\"3000\" data-end=\"3134\"><p data-start=\"3002\" data-end=\"3134\">Introducir virus inform\u00e1ticos, c\u00f3digo malicioso o cualquier elemento que afecte la seguridad o el funcionamiento de la Plataforma.<\/p><\/li><li data-start=\"3135\" data-end=\"3214\"><p data-start=\"3137\" data-end=\"3214\">Acceder, alterar o utilizar informaci\u00f3n de otros usuarios sin autorizaci\u00f3n.<\/p><\/li><li data-start=\"3215\" data-end=\"3314\"><p data-start=\"3217\" data-end=\"3314\">Reproducir o difundir contenidos sin respeto a los derechos de propiedad intelectual de la OIT.<\/p><\/li><\/ul><p data-start=\"3316\" data-end=\"3461\">La OIT Colombia se reserva el derecho de suspender o restringir el acceso a la Plataforma a cualquier usuario que incumpla estas disposiciones.<\/p><hr data-start=\"3463\" data-end=\"3466\" \/><h2 data-start=\"3468\" data-end=\"3509\">\u00a0<\/h2><h2 data-start=\"3468\" data-end=\"3509\"><strong data-start=\"3471\" data-end=\"3507\">5. Servicios presentes y futuros<\/strong><\/h2><p data-start=\"3510\" data-end=\"3681\">Actualmente, la Plataforma GOYA ofrece acceso gratuito a herramientas digitales y recursos de apoyo que combinan inteligencia artificial, pedagog\u00eda y anal\u00edtica de datos.<\/p><p data-start=\"3683\" data-end=\"3738\">En su desarrollo futuro, la Plataforma podr\u00e1 incluir:<\/p><ul data-start=\"3740\" data-end=\"4012\"><li data-start=\"3740\" data-end=\"3807\"><p data-start=\"3742\" data-end=\"3807\">Programas de formaci\u00f3n profesional y certificaciones digitales.<\/p><\/li><li data-start=\"3808\" data-end=\"3878\"><p data-start=\"3810\" data-end=\"3878\">M\u00f3dulos interactivos de aprendizaje virtual y orientaci\u00f3n laboral.<\/p><\/li><li data-start=\"3879\" data-end=\"3939\"><p data-start=\"3881\" data-end=\"3939\">Sistemas de seguimiento, monitoreo y an\u00e1lisis educativo.<\/p><\/li><li data-start=\"3940\" data-end=\"4012\"><p data-start=\"3942\" data-end=\"4012\">Herramientas para la generaci\u00f3n de ingresos y empleabilidad juvenil.<\/p><\/li><\/ul><p data-start=\"4014\" data-end=\"4143\">Cada nueva funcionalidad o servicio podr\u00e1 estar sujeto a condiciones adicionales, que se informar\u00e1n previamente a los usuarios.<\/p><hr data-start=\"4145\" data-end=\"4148\" \/><h2 data-start=\"4150\" data-end=\"4192\">\u00a0<\/h2><h2 data-start=\"4150\" data-end=\"4192\"><strong data-start=\"4153\" data-end=\"4190\">6. Responsabilidad y limitaciones<\/strong><\/h2><p data-start=\"4193\" data-end=\"4352\">La OIT Colombia realiza los mayores esfuerzos para garantizar la calidad, seguridad y disponibilidad de la Plataforma. No obstante, no se responsabiliza por:<\/p><ul data-start=\"4354\" data-end=\"4557\"><li data-start=\"4354\" data-end=\"4402\"><p data-start=\"4356\" data-end=\"4402\">Interrupciones temporales o fallas t\u00e9cnicas.<\/p><\/li><li data-start=\"4403\" data-end=\"4457\"><p data-start=\"4405\" data-end=\"4457\">Da\u00f1os derivados del uso indebido de la Plataforma.<\/p><\/li><li data-start=\"4458\" data-end=\"4557\"><p data-start=\"4460\" data-end=\"4557\">Resultados inexactos o parciales generados por herramientas basadas en inteligencia artificial.<\/p><\/li><\/ul><p data-start=\"4559\" data-end=\"4724\">El contenido de la Plataforma tiene fines educativos y de fortalecimiento institucional, por lo que no constituye asesor\u00eda profesional, legal o t\u00e9cnica vinculante.<\/p><hr data-start=\"4726\" data-end=\"4729\" \/><h2 data-start=\"4731\" data-end=\"4773\">\u00a0<\/h2><h2 data-start=\"4731\" data-end=\"4773\"><strong data-start=\"4734\" data-end=\"4771\">7. Protecci\u00f3n de datos personales<\/strong><\/h2><p data-start=\"4774\" data-end=\"4895\">La OIT Colombia cumple con la Ley 1581 de 2012 y dem\u00e1s normas colombianas en materia de protecci\u00f3n de datos personales.<\/p><p data-start=\"4897\" data-end=\"5098\">Los datos recolectados a trav\u00e9s de la Plataforma se utilizar\u00e1n exclusivamente con fines pedag\u00f3gicos, anal\u00edticos y de mejora de los servicios, garantizando su confidencialidad, integridad y uso \u00e9tico.<\/p><p data-start=\"5100\" data-end=\"5254\">Los usuarios podr\u00e1n ejercer sus derechos de acceso, correcci\u00f3n, actualizaci\u00f3n o eliminaci\u00f3n de sus datos enviando una solicitud a: <a class=\"decorated-link\" href=\"mailto:contacto@goya-oit.org\" rel=\"noopener\" data-start=\"5231\" data-end=\"5252\">contacto@goya-oit.org<\/a><\/p><hr data-start=\"5256\" data-end=\"5259\" \/><h2 data-start=\"5261\" data-end=\"5301\">\u00a0<\/h2><h2 data-start=\"5261\" data-end=\"5301\"><strong data-start=\"5264\" data-end=\"5299\">8. Enlaces a sitios de terceros<\/strong><\/h2><p data-start=\"5302\" data-end=\"5518\">La Plataforma puede contener enlaces o referencias a sitios web de terceros. La OIT Colombia no se hace responsable del contenido, pol\u00edticas o pr\u00e1cticas de dichos sitios, ni garantiza su disponibilidad o seguridad.<\/p><hr data-start=\"5520\" data-end=\"5523\" \/><h2 data-start=\"5525\" data-end=\"5569\">\u00a0<\/h2><h2 data-start=\"5525\" data-end=\"5569\"><strong data-start=\"5528\" data-end=\"5567\">9. Modificaciones y actualizaciones<\/strong><\/h2><p data-start=\"5570\" data-end=\"5800\">La OIT Colombia podr\u00e1 modificar la estructura, funcionalidades o contenidos de la Plataforma en cualquier momento, as\u00ed como los presentes T\u00e9rminos y Condiciones, con el fin de mejorar el servicio o adaptarlo a nuevas normativas.<\/p><p data-start=\"5802\" data-end=\"5895\">Las versiones actualizadas estar\u00e1n disponibles permanentemente en\u00a0 <a class=\"decorated-link\" href=\"https:\/\/goya-oit.org\/en\/terminos\/\" target=\"_new\" rel=\"noopener\" data-start=\"5868\" data-end=\"5893\">goya-oit.org\/terminos-y-condiciones\/<\/a><\/p><hr data-start=\"5897\" data-end=\"5900\" \/><h2 data-start=\"5902\" data-end=\"5951\">\u00a0<\/h2><h2 data-start=\"5902\" data-end=\"5951\"><strong data-start=\"5905\" data-end=\"5949\">10. Legislaci\u00f3n aplicable y jurisdicci\u00f3n<\/strong><\/h2><p data-start=\"5952\" data-end=\"6137\">Estos T\u00e9rminos y Condiciones se rigen por las leyes de la Rep\u00fablica de Colombia, sin perjuicio de los privilegios e inmunidades que corresponden a la OIT como organismo internacional.<\/p><p data-start=\"6139\" data-end=\"6299\">Cualquier controversia relacionada con la interpretaci\u00f3n o aplicaci\u00f3n de estos T\u00e9rminos ser\u00e1 resuelta por los tribunales competentes de Bogot\u00e1 D.C., Colombia.<\/p><hr data-start=\"6301\" data-end=\"6304\" \/><h2 data-start=\"6306\" data-end=\"6327\">\u00a0<\/h2><h2 data-start=\"6306\" data-end=\"6327\"><strong data-start=\"6309\" data-end=\"6325\">11. Contacto<\/strong><\/h2><p data-start=\"6328\" data-end=\"6451\">Para consultas, comentarios o solicitudes relacionadas con la Plataforma GOYA:<br data-start=\"6406\" data-end=\"6409\" \/><a class=\"decorated-link\" href=\"mailto:contacto@goya-oit.org\" rel=\"noopener\" data-start=\"6409\" data-end=\"6430\">contacto@goya-oit.org<\/a><br data-start=\"6430\" data-end=\"6433\" \/><a class=\"decorated-link\" href=\"https:\/\/goya-oit.org\/en\/\" target=\"_new\" rel=\"noopener\" data-start=\"6433\" data-end=\"6449\">www.goya-oit.org<\/a><\/p><hr data-start=\"6453\" data-end=\"6456\" \/><h2 data-start=\"6458\" data-end=\"6517\">\u00a0<\/h2><h2 data-start=\"6458\" data-end=\"6517\"><strong data-start=\"6461\" data-end=\"6515\">GOYA: una herramienta con alma, prop\u00f3sito y futuro<\/strong><\/h2><p data-start=\"6518\" data-end=\"6820\">Desarrollada por la Organizaci\u00f3n Internacional del Trabajo (OIT) en Colombia, GOYA une tecnolog\u00eda, educaci\u00f3n y prop\u00f3sito social para impulsar el aprendizaje, la empleabilidad juvenil y el trabajo decente. Porque cuando el conocimiento se comparte con empat\u00eda, la tecnolog\u00eda se convierte en esperanza.<\/p>\t\t\t\t\t\t\t\t<\/div>\n\t\t\t\t\t<\/div>\n\t\t\t\t<\/div>\n\t\t\t\t<\/div>","protected":false},"excerpt":{"rendered":"<p>T\u00e9rminos y Condiciones de Uso\u00a0 Plataforma GOYA \u00daltima actualizaci\u00f3n: Octubre de 2025 \u00a0 1. Aceptaci\u00f3n de los t\u00e9rminos El acceso [&hellip;]<\/p>","protected":false},"author":1,"featured_media":0,"parent":0,"menu_order":0,"comment_status":"closed","ping_status":"closed","template":"elementor_header_footer","meta":{"_monsterinsights_skip_tracking":false,"_monsterinsights_sitenote_active":false,"_monsterinsights_sitenote_note":"","_monsterinsights_sitenote_category":0,"site-sidebar-layout":"default","site-content-layout":"","ast-site-content-layout":"default","site-content-style":"default","site-sidebar-style":"default","ast-global-header-display":"","ast-banner-title-visibility":"","ast-main-header-display":"","ast-hfb-above-header-display":"","ast-hfb-below-header-display":"","ast-hfb-mobile-header-display":"","site-post-title":"disabled","ast-breadcrumbs-content":"","ast-featured-img":"","footer-sml-layout":"","theme-transparent-header-meta":"","adv-header-id-meta":"","stick-header-meta":"","header-above-stick-meta":"","header-main-stick-meta":"","header-below-stick-meta":"","astra-migrate-meta-layouts":"default","ast-page-background-enabled":"default","ast-page-background-meta":{"desktop":{"background-color":"var(--ast-global-color-5)","background-image":"","background-repeat":"repeat","background-position":"center center","background-size":"auto","background-attachment":"scroll","background-type":"","background-media":"","overlay-type":"","overlay-color":"","overlay-opacity":"","overlay-gradient":""},"tablet":{"background-color":"","background-image":"","background-repeat":"repeat","background-position":"center center","background-size":"auto","background-attachment":"scroll","background-type":"","background-media":"","overlay-type":"","overlay-color":"","overlay-opacity":"","overlay-gradient":""},"mobile":{"background-color":"","background-image":"","background-repeat":"repeat","background-position":"center center","background-size":"auto","background-attachment":"scroll","background-type":"","background-media":"","overlay-type":"","overlay-color":"","overlay-opacity":"","overlay-gradient":""}},"ast-content-background-meta":{"desktop":{"background-color":"var(--ast-global-color-4)","background-image":"","background-repeat":"repeat","background-position":"center center","background-size":"auto","background-attachment":"scroll","background-type":"","background-media":"","overlay-type":"","overlay-color":"","overlay-opacity":"","overlay-gradient":""},"tablet":{"background-color":"var(--ast-global-color-4)","background-image":"","background-repeat":"repeat","background-position":"center center","background-size":"auto","background-attachment":"scroll","background-type":"","background-media":"","overlay-type":"","overlay-color":"","overlay-opacity":"","overlay-gradient":""},"mobile":{"background-color":"var(--ast-global-color-4)","background-image":"","background-repeat":"repeat","background-position":"center center","background-size":"auto","background-attachment":"scroll","background-type":"","background-media":"","overlay-type":"","overlay-color":"","overlay-opacity":"","overlay-gradient":""}},"footnotes":""},"class_list":["post-3","page","type-page","status-publish","hentry"],"aioseo_notices":[],"_links":{"self":[{"href":"https:\/\/goya-oit.org\/en\/wp-json\/wp\/v2\/pages\/3","targetHints":{"allow":["GET"]}}],"collection":[{"href":"https:\/\/goya-oit.org\/en\/wp-json\/wp\/v2\/pages"}],"about":[{"href":"https:\/\/goya-oit.org\/en\/wp-json\/wp\/v2\/types\/page"}],"author":[{"embeddable":true,"href":"https:\/\/goya-oit.org\/en\/wp-json\/wp\/v2\/users\/1"}],"replies":[{"embeddable":true,"href":"https:\/\/goya-oit.org\/en\/wp-json\/wp\/v2\/comments?post=3"}],"version-history":[{"count":25,"href":"https:\/\/goya-oit.org\/en\/wp-json\/wp\/v2\/pages\/3\/revisions"}],"predecessor-version":[{"id":1296,"href":"https:\/\/goya-oit.org\/en\/wp-json\/wp\/v2\/pages\/3\/revisions\/1296"}],"wp:attachment":[{"href":"https:\/\/goya-oit.org\/en\/wp-json\/wp\/v2\/media?parent=3"}],"curies":[{"name":"wp","href":"https:\/\/api.w.org\/{rel}","templated":true}]}}