{"id":1849,"date":"2025-11-22T12:06:40","date_gmt":"2025-11-22T12:06:40","guid":{"rendered":"https:\/\/goya-oit.org\/?page_id=1849"},"modified":"2025-11-23T19:24:49","modified_gmt":"2025-11-23T19:24:49","slug":"registro","status":"publish","type":"page","link":"https:\/\/goya-oit.org\/en\/registro\/","title":{"rendered":"REGISTRO"},"content":{"rendered":"\t\t<div data-elementor-type=\"wp-page\" data-elementor-id=\"1849\" class=\"elementor elementor-1849\" data-elementor-post-type=\"page\">\n\t\t\t\t<div data-particle_enable=\"false\" data-particle-mobile-disabled=\"false\" class=\"elementor-element elementor-element-32b76a8 e-flex e-con-boxed e-con e-parent\" data-id=\"32b76a8\" data-element_type=\"container\" data-e-type=\"container\">\n\t\t\t\t\t<div class=\"e-con-inner\">\n\t\t\t\t<div class=\"elementor-element elementor-element-fce4858 elementor-widget elementor-widget-heading\" data-id=\"fce4858\" data-element_type=\"widget\" data-e-type=\"widget\" data-widget_type=\"heading.default\">\n\t\t\t\t\t<h2 class=\"elementor-heading-title elementor-size-default\">Mantente conectado con oportunidades de crecimiento profesional \ud83d\ude80<\/h2>\t\t\t\t<\/div>\n\t\t\t\t\t<\/div>\n\t\t\t\t<\/div>\n\t\t<div data-particle_enable=\"false\" data-particle-mobile-disabled=\"false\" class=\"elementor-element elementor-element-d2d099b e-flex e-con-boxed e-con e-parent\" data-id=\"d2d099b\" data-element_type=\"container\" data-e-type=\"container\">\n\t\t\t\t\t<div class=\"e-con-inner\">\n\t\t\t\t<div class=\"elementor-element elementor-element-a98366a elementor-widget elementor-widget-text-editor\" data-id=\"a98366a\" data-element_type=\"widget\" data-e-type=\"widget\" data-widget_type=\"text-editor.default\">\n\t\t\t\t\t\t\t\t\t<p>Reg\u00edstrate y recibe acceso a herramientas, convocatorias, recursos, formaci\u00f3n, comunidad y oportunidades que te ayudar\u00e1n en tu desarrollo laboral y profesional.<\/p>\t\t\t\t\t\t\t\t<\/div>\n\t\t\t\t\t<\/div>\n\t\t\t\t<\/div>\n\t\t<div data-particle_enable=\"false\" data-particle-mobile-disabled=\"false\" class=\"elementor-element elementor-element-39f706c e-flex e-con-boxed e-con e-parent\" data-id=\"39f706c\" data-element_type=\"container\" data-e-type=\"container\">\n\t\t\t\t\t<div class=\"e-con-inner\">\n\t\t<div data-particle_enable=\"false\" data-particle-mobile-disabled=\"false\" class=\"elementor-element elementor-element-e9eb983 e-con-full elementor-hidden-tablet elementor-hidden-mobile e-flex e-con e-child\" data-id=\"e9eb983\" data-element_type=\"container\" data-e-type=\"container\">\n\t\t\t\t<\/div>\n\t\t<div data-particle_enable=\"false\" data-particle-mobile-disabled=\"false\" class=\"elementor-element elementor-element-08e4bde e-con-full e-flex e-con e-child\" data-id=\"08e4bde\" data-element_type=\"container\" data-e-type=\"container\">\n\t\t\t\t<div class=\"elementor-element elementor-element-da2c5c8 jedv-enabled--yes elementor-button-align-stretch elementor-widget elementor-widget-form\" data-id=\"da2c5c8\" data-element_type=\"widget\" data-e-type=\"widget\" data-settings=\"{&quot;step_next_label&quot;:&quot;Next&quot;,&quot;step_previous_label&quot;:&quot;Previous&quot;,&quot;button_width&quot;:&quot;100&quot;,&quot;step_type&quot;:&quot;number_text&quot;,&quot;step_icon_shape&quot;:&quot;circle&quot;}\" data-widget_type=\"form.default\">\n\t\t\t\t\t\t\t<form class=\"elementor-form\" method=\"post\" name=\"New Form\" aria-label=\"New Form\">\n\t\t\t<input type=\"hidden\" name=\"post_id\" value=\"1849\"\/>\n\t\t\t<input type=\"hidden\" name=\"form_id\" value=\"da2c5c8\"\/>\n\t\t\t<input type=\"hidden\" name=\"referer_title\" value=\"\" \/>\n\n\t\t\t\n\t\t\t<div class=\"elementor-form-fields-wrapper elementor-labels-above\">\n\t\t\t\t\t\t\t\t<div class=\"elementor-field-type-text elementor-field-group elementor-column elementor-field-group-name elementor-col-100 elementor-field-required elementor-mark-required\">\n\t\t\t\t\t\t\t\t\t\t\t\t\t<input size=\"1\" type=\"text\" name=\"form_fields[name]\" id=\"form-field-name\" class=\"elementor-field elementor-size-md  elementor-field-textual\" placeholder=\"Nombre completo *\" required=\"required\">\n\t\t\t\t\t\t\t\t\t\t\t<\/div>\n\t\t\t\t\t\t\t\t<div class=\"elementor-field-type-email elementor-field-group elementor-column elementor-field-group-email elementor-col-100 elementor-field-required elementor-mark-required\">\n\t\t\t\t\t\t\t\t\t\t\t\t\t<input size=\"1\" type=\"email\" name=\"form_fields[email]\" id=\"form-field-email\" class=\"elementor-field elementor-size-md  elementor-field-textual\" placeholder=\"Correo electr\u00f3nico *\" required=\"required\">\n\t\t\t\t\t\t\t\t\t\t\t<\/div>\n\t\t\t\t\t\t\t\t<div class=\"elementor-field-type-number elementor-field-group elementor-column elementor-field-group-field_6700358 elementor-col-100 elementor-field-required elementor-mark-required\">\n\t\t\t\t\t\t\t\t<input type=\"number\" name=\"form_fields[field_6700358]\" id=\"form-field-field_6700358\" class=\"elementor-field elementor-size-md  elementor-field-textual\" placeholder=\"N\u00famero de tel\u00e9fono *\" required=\"required\" min=\"\" max=\"\" >\n\t\t\t\t\t\t<\/div>\n\t\t\t\t\t\t\t\t<div class=\"elementor-field-type-select elementor-field-group elementor-column elementor-field-group-field_e0f1eba elementor-col-100 elementor-field-required elementor-mark-required\">\n\t\t\t\t\t\t\t<div class=\"elementor-field elementor-select-wrapper remove-before \">\n\t\t\t<div class=\"select-caret-down-wrapper\">\n\t\t\t\t<svg aria-hidden=\"true\" class=\"e-font-icon-svg e-eicon-caret-down\" viewBox=\"0 0 571.4 571.4\" xmlns=\"http:\/\/www.w3.org\/2000\/svg\"><path d=\"M571 393Q571 407 561 418L311 668Q300 679 286 679T261 668L11 418Q0 407 0 393T11 368 36 357H536Q550 357 561 368T571 393Z\"><\/path><\/svg>\t\t\t<\/div>\n\t\t\t<select name=\"form_fields[field_e0f1eba]\" id=\"form-field-field_e0f1eba\" class=\"elementor-field-textual elementor-size-md\" required=\"required\">\n\t\t\t\t\t\t\t\t\t<option value=\"Bogot\u00e1 D.C.\">Bogot\u00e1 D.C.<\/option>\n\t\t\t\t\t\t\t\t\t<option value=\"Medell\u00edn\">Medell\u00edn<\/option>\n\t\t\t\t\t\t\t\t\t<option value=\"Cali\">Cali<\/option>\n\t\t\t\t\t\t\t\t\t<option value=\"Barranquilla\">Barranquilla<\/option>\n\t\t\t\t\t\t\t\t\t<option value=\"Cartagena de Indias\">Cartagena de Indias<\/option>\n\t\t\t\t\t\t\t\t\t<option value=\"Bucaramanga\">Bucaramanga<\/option>\n\t\t\t\t\t\t\t\t\t<option value=\"C\u00facuta\">C\u00facuta<\/option>\n\t\t\t\t\t\t\t\t\t<option value=\"Pereira\">Pereira<\/option>\n\t\t\t\t\t\t\t\t\t<option value=\"Manizales\">Manizales<\/option>\n\t\t\t\t\t\t\t\t\t<option value=\"Armenia\">Armenia<\/option>\n\t\t\t\t\t\t\t\t\t<option value=\"Santa Marta\">Santa Marta<\/option>\n\t\t\t\t\t\t\t\t\t<option value=\"Ibagu\u00e9\">Ibagu\u00e9<\/option>\n\t\t\t\t\t\t\t\t\t<option value=\"Villavicencio\">Villavicencio<\/option>\n\t\t\t\t\t\t\t\t\t<option value=\"Neiva\">Neiva<\/option>\n\t\t\t\t\t\t\t\t\t<option value=\"Pasto\">Pasto<\/option>\n\t\t\t\t\t\t\t\t\t<option value=\"Monter\u00eda\">Monter\u00eda<\/option>\n\t\t\t\t\t\t\t\t\t<option value=\"Sincelejo\">Sincelejo<\/option>\n\t\t\t\t\t\t\t\t\t<option value=\"Valledupar\">Valledupar<\/option>\n\t\t\t\t\t\t\t\t\t<option value=\"Popay\u00e1n\">Popay\u00e1n<\/option>\n\t\t\t\t\t\t\t\t\t<option value=\"Tunja\">Tunja<\/option>\n\t\t\t\t\t\t\t\t\t<option value=\"Floridablanca\">Floridablanca<\/option>\n\t\t\t\t\t\t\t\t\t<option value=\"Soledad\">Soledad<\/option>\n\t\t\t\t\t\t\t\t\t<option value=\"Palmira\">Palmira<\/option>\n\t\t\t\t\t\t\t\t\t<option value=\"Itag\u00fc\u00ed\">Itag\u00fc\u00ed<\/option>\n\t\t\t\t\t\t\t\t\t<option value=\"Bello\">Bello<\/option>\n\t\t\t\t\t\t\t\t\t<option value=\"Envigado\">Envigado<\/option>\n\t\t\t\t\t\t\t\t\t<option value=\"Dosquebradas\">Dosquebradas<\/option>\n\t\t\t\t\t\t\t\t\t<option value=\"Riohacha\">Riohacha<\/option>\n\t\t\t\t\t\t\t\t\t<option value=\"Quibd\u00f3\">Quibd\u00f3<\/option>\n\t\t\t\t\t\t\t\t\t<option value=\"Yopal\">Yopal<\/option>\n\t\t\t\t\t\t\t\t\t<option value=\"Leticia\">Leticia<\/option>\n\t\t\t\t\t\t\t\t\t<option value=\"Mocoa\">Mocoa<\/option>\n\t\t\t\t\t\t\t\t\t<option value=\"San Andr\u00e9s\">San Andr\u00e9s<\/option>\n\t\t\t\t\t\t\t\t\t<option value=\"(Otro)\">(Otro)<\/option>\n\t\t\t\t\t\t\t\t\t<option value=\"\"><\/option>\n\t\t\t\t\t\t\t\t\t<option value=\"\"><\/option>\n\t\t\t\t\t\t\t\t\t<option value=\"\"><\/option>\n\t\t\t\t\t\t\t\t\t<option value=\"Selecciona la ciudad\">Selecciona la ciudad<\/option>\n\t\t\t\t\t\t\t<\/select>\n\t\t<\/div>\n\t\t\t\t\t\t<\/div>\n\t\t\t\t\t\t\t\t<div class=\"elementor-field-type-checkbox elementor-field-group elementor-column elementor-field-group-field_55714db elementor-col-100\">\n\t\t\t\t\t\t\t\t\t\t\t\t<label for=\"form-field-field_55714db\" class=\"elementor-field-label\">\n\t\t\t\t\t\t\t\t\u00bfQu\u00e9 te gustar\u00eda recibir por correo? (selecciona los que apliquen) *\t\t\t\t\t\t\t<\/label>\n\t\t\t\t\t\t<div class=\"elementor-field-subgroup  \"><span class=\"elementor-field-option\"><input type=\"checkbox\" value=\"Herramientas de Desarrollo con IA\" id=\"form-field-field_55714db-0\" name=\"form_fields[field_55714db][]\"> <label for=\"form-field-field_55714db-0\">Herramientas de Desarrollo con IA<\/label><\/span><span class=\"elementor-field-option\"><input type=\"checkbox\" value=\"Convocatorias laborales\" id=\"form-field-field_55714db-1\" name=\"form_fields[field_55714db][]\"> <label for=\"form-field-field_55714db-1\">Convocatorias laborales<\/label><\/span><span class=\"elementor-field-option\"><input type=\"checkbox\" value=\"Cursos y formaci\u00f3n avanzada\" id=\"form-field-field_55714db-2\" name=\"form_fields[field_55714db][]\"> <label for=\"form-field-field_55714db-2\">Cursos y formaci\u00f3n avanzada<\/label><\/span><span class=\"elementor-field-option\"><input type=\"checkbox\" value=\"Pr\u00e1cticas y pasant\u00edas\" id=\"form-field-field_55714db-3\" name=\"form_fields[field_55714db][]\"> <label for=\"form-field-field_55714db-3\">Pr\u00e1cticas y pasant\u00edas<\/label><\/span><span class=\"elementor-field-option\"><input type=\"checkbox\" value=\"Invitaciones a eventos\" id=\"form-field-field_55714db-4\" name=\"form_fields[field_55714db][]\"> <label for=\"form-field-field_55714db-4\">Invitaciones a eventos<\/label><\/span><span class=\"elementor-field-option\"><input type=\"checkbox\" value=\"Acceso a herramientas tecnol\u00f3gicas\" id=\"form-field-field_55714db-5\" name=\"form_fields[field_55714db][]\"> <label for=\"form-field-field_55714db-5\">Acceso a herramientas tecnol\u00f3gicas<\/label><\/span><span class=\"elementor-field-option\"><input type=\"checkbox\" value=\"Mentor\u00eda y asesor\u00eda para empleabilidad\" id=\"form-field-field_55714db-6\" name=\"form_fields[field_55714db][]\"> <label for=\"form-field-field_55714db-6\">Mentor\u00eda y asesor\u00eda para empleabilidad<\/label><\/span><span class=\"elementor-field-option\"><input type=\"checkbox\" value=\"Todas las anteriores\" id=\"form-field-field_55714db-7\" name=\"form_fields[field_55714db][]\"> <label for=\"form-field-field_55714db-7\">Todas las anteriores<\/label><\/span><\/div>\t\t\t\t<\/div>\n\t\t\t\t\t\t\t\t<div class=\"elementor-field-type-checkbox elementor-field-group elementor-column elementor-field-group-field_9cd7ed8 elementor-col-100\">\n\t\t\t\t\t\t\t\t\t\t\t\t<label for=\"form-field-field_9cd7ed8\" class=\"elementor-field-label\">\n\t\t\t\t\t\t\t\tSituaci\u00f3n actual*\t\t\t\t\t\t\t<\/label>\n\t\t\t\t\t\t<div class=\"elementor-field-subgroup  \"><span class=\"elementor-field-option\"><input type=\"checkbox\" value=\"Buscando empleo\" id=\"form-field-field_9cd7ed8-0\" name=\"form_fields[field_9cd7ed8][]\"> <label for=\"form-field-field_9cd7ed8-0\">Buscando empleo<\/label><\/span><span class=\"elementor-field-option\"><input type=\"checkbox\" value=\"Trabajando actualmente\" id=\"form-field-field_9cd7ed8-1\" name=\"form_fields[field_9cd7ed8][]\"> <label for=\"form-field-field_9cd7ed8-1\">Trabajando actualmente<\/label><\/span><span class=\"elementor-field-option\"><input type=\"checkbox\" value=\"Emprendiendo\" id=\"form-field-field_9cd7ed8-2\" name=\"form_fields[field_9cd7ed8][]\"> <label for=\"form-field-field_9cd7ed8-2\">Emprendiendo<\/label><\/span><span class=\"elementor-field-option\"><input type=\"checkbox\" value=\"Estudiando\" id=\"form-field-field_9cd7ed8-3\" name=\"form_fields[field_9cd7ed8][]\"> <label for=\"form-field-field_9cd7ed8-3\">Estudiando<\/label><\/span><span class=\"elementor-field-option\"><input type=\"checkbox\" value=\"Prefiero no decir\" id=\"form-field-field_9cd7ed8-4\" name=\"form_fields[field_9cd7ed8][]\"> <label for=\"form-field-field_9cd7ed8-4\">Prefiero no decir<\/label><\/span><\/div>\t\t\t\t<\/div>\n\t\t\t\t\t\t\t\t<div class=\"elementor-field-type-checkbox elementor-field-group elementor-column elementor-field-group-field_fb14c62 elementor-col-100\">\n\t\t\t\t\t\t\t\t\t\t\t\t<label for=\"form-field-field_fb14c62\" class=\"elementor-field-label\">\n\t\t\t\t\t\t\t\t\u00bfTienes LinkedIn? *\t\t\t\t\t\t\t<\/label>\n\t\t\t\t\t\t<div class=\"elementor-field-subgroup  \"><span class=\"elementor-field-option\"><input type=\"checkbox\" value=\"S\u00ed (dejar campo para link)\" id=\"form-field-field_fb14c62-0\" name=\"form_fields[field_fb14c62][]\"> <label for=\"form-field-field_fb14c62-0\">S\u00ed (dejar campo para link)<\/label><\/span><span class=\"elementor-field-option\"><input type=\"checkbox\" value=\"No\" id=\"form-field-field_fb14c62-1\" name=\"form_fields[field_fb14c62][]\"> <label for=\"form-field-field_fb14c62-1\">No<\/label><\/span><span class=\"elementor-field-option\"><input type=\"checkbox\" value=\"A\u00fan lo estoy creando\" id=\"form-field-field_fb14c62-2\" name=\"form_fields[field_fb14c62][]\"> <label for=\"form-field-field_fb14c62-2\">A\u00fan lo estoy creando<\/label><\/span><\/div>\t\t\t\t<\/div>\n\t\t\t\t\t\t\t\t<div class=\"elementor-field-type-text\">\n\t\t\t\t\t<input size=\"1\" type=\"text\" name=\"form_fields[field_e34fe8c]\" id=\"form-field-field_e34fe8c\" class=\"elementor-field elementor-size-md \" style=\"display:none !important;\">\t\t\t\t<\/div>\n\t\t\t\t\t\t\t\t<div class=\"elementor-field-type-html elementor-field-group elementor-column elementor-field-group-field_71a226c elementor-col-100\">\n\t\t\t\t\tAutorizaci\u00f3n de Tratamiento de Datos Personales<br>\n<br>\n\nDeclaro que he le\u00eddo y comprendo la informaci\u00f3n relacionada con el uso y tratamiento de mis datos personales conforme a la <a href=\"https:\/\/www.funcionpublica.gov.co\/eva\/gestornormativo\/norma.php?i=49981\" rel=\"nofollow noopener\" target=\"_blank\">Ley 1581 de 2012 <\/a> y dem\u00e1s normas aplicables en Colombia.<br>\n<br>\nAutorizo de manera expresa, previa e informada a la Organizaci\u00f3n Internacional Del Trabajo para recolectar, almacenar, usar, consultar, procesar y contactar mis datos personales con fines informativos, educativos, administrativos, de seguimiento y de env\u00edo de comunicaciones relacionadas con programas, oportunidades, servicios, eventos, convocatorias y actividades de desarrollo profesional.<br>\n<br>\nAsimismo, entiendo que: Mis datos no ser\u00e1n compartidos con terceros sin mi autorizaci\u00f3n, salvo obligaci\u00f3n legal. Podr\u00e9 solicitar en cualquier momento la actualizaci\u00f3n, correcci\u00f3n o eliminaci\u00f3n de mi informaci\u00f3n. Tengo derecho a revocar esta autorizaci\u00f3n escribiendo a: oit@formacionprofesional-oit.org.\t\t\t\t<\/div>\n\t\t\t\t\t\t\t\t<div class=\"elementor-field-type-checkbox elementor-field-group elementor-column elementor-field-group-field_a8175e0 elementor-col-100\">\n\t\t\t\t\t<div class=\"elementor-field-subgroup  \"><span class=\"elementor-field-option\"><input type=\"checkbox\" value=\"Acepto la pol\u00edtica de privacidad y autorizo el tratamiento de mis datos personales conforme a los t\u00e9rminos descritos\" id=\"form-field-field_a8175e0-0\" name=\"form_fields[field_a8175e0]\"> <label for=\"form-field-field_a8175e0-0\">Acepto la pol\u00edtica de privacidad y autorizo el tratamiento de mis datos personales conforme a los t\u00e9rminos descritos<\/label><\/span><\/div>\t\t\t\t<\/div>\n\t\t\t\t\t\t\t\t<div class=\"elementor-field-group elementor-column elementor-field-type-submit elementor-col-100 e-form__buttons\">\n\t\t\t\t\t<button class=\"elementor-button elementor-size-sm elementor-animation-shrink\" type=\"submit\">\n\t\t\t\t\t\t<span class=\"elementor-button-content-wrapper\">\n\t\t\t\t\t\t\t\t\t\t\t\t\t\t\t\t\t\t\t\t\t\t<span class=\"elementor-button-text\">ENVIAR<\/span>\n\t\t\t\t\t\t\t\t\t\t\t\t\t<\/span>\n\t\t\t\t\t<\/button>\n\t\t\t\t<\/div>\n\t\t\t<\/div>\n\t\t<\/form>\n\t\t\t\t\t\t<\/div>\n\t\t\t\t<\/div>\n\t\t<div data-particle_enable=\"false\" data-particle-mobile-disabled=\"false\" class=\"elementor-element elementor-element-007f629 e-con-full elementor-hidden-tablet elementor-hidden-mobile e-flex e-con e-child\" data-id=\"007f629\" data-element_type=\"container\" data-e-type=\"container\">\n\t\t\t\t<\/div>\n\t\t\t\t\t<\/div>\n\t\t\t\t<\/div>\n\t\t<div data-particle_enable=\"false\" data-particle-mobile-disabled=\"false\" class=\"elementor-element elementor-element-b81d791 e-flex e-con-boxed e-con e-parent\" data-id=\"b81d791\" data-element_type=\"container\" data-e-type=\"container\">\n\t\t\t\t\t<div class=\"e-con-inner\">\n\t\t\t\t<div class=\"elementor-element elementor-element-9105a3d elementor-widget elementor-widget-spacer\" data-id=\"9105a3d\" data-element_type=\"widget\" data-e-type=\"widget\" data-widget_type=\"spacer.default\">\n\t\t\t\t\t\t\t<div class=\"elementor-spacer\">\n\t\t\t<div class=\"elementor-spacer-inner\"><\/div>\n\t\t<\/div>\n\t\t\t\t\t\t<\/div>\n\t\t\t\t\t<\/div>\n\t\t\t\t<\/div>\n\t\t\t\t<\/div>\n\t\t","protected":false},"excerpt":{"rendered":"<p>Mantente conectado con oportunidades de crecimiento profesional \ud83d\ude80 Reg\u00edstrate y recibe acceso a herramientas, convocatorias, recursos, formaci\u00f3n, comunidad y oportunidades [&hellip;]<\/p>\n","protected":false},"author":1,"featured_media":0,"parent":0,"menu_order":0,"comment_status":"closed","ping_status":"closed","template":"elementor_header_footer","meta":{"_monsterinsights_skip_tracking":false,"_monsterinsights_sitenote_active":false,"_monsterinsights_sitenote_note":"","_monsterinsights_sitenote_category":0,"site-sidebar-layout":"no-sidebar","site-content-layout":"","ast-site-content-layout":"full-width-container","site-content-style":"default","site-sidebar-style":"default","ast-global-header-display":"","ast-banner-title-visibility":"","ast-main-header-display":"","ast-hfb-above-header-display":"","ast-hfb-below-header-display":"","ast-hfb-mobile-header-display":"","site-post-title":"disabled","ast-breadcrumbs-content":"","ast-featured-img":"disabled","footer-sml-layout":"","theme-transparent-header-meta":"","adv-header-id-meta":"","stick-header-meta":"","header-above-stick-meta":"","header-main-stick-meta":"","header-below-stick-meta":"","astra-migrate-meta-layouts":"default","ast-page-background-enabled":"default","ast-page-background-meta":{"desktop":{"background-color":"var(--ast-global-color-5)","background-image":"","background-repeat":"repeat","background-position":"center center","background-size":"auto","background-attachment":"scroll","background-type":"","background-media":"","overlay-type":"","overlay-color":"","overlay-opacity":"","overlay-gradient":""},"tablet":{"background-color":"","background-image":"","background-repeat":"repeat","background-position":"center center","background-size":"auto","background-attachment":"scroll","background-type":"","background-media":"","overlay-type":"","overlay-color":"","overlay-opacity":"","overlay-gradient":""},"mobile":{"background-color":"","background-image":"","background-repeat":"repeat","background-position":"center center","background-size":"auto","background-attachment":"scroll","background-type":"","background-media":"","overlay-type":"","overlay-color":"","overlay-opacity":"","overlay-gradient":""}},"ast-content-background-meta":{"desktop":{"background-color":"var(--ast-global-color-4)","background-image":"","background-repeat":"repeat","background-position":"center center","background-size":"auto","background-attachment":"scroll","background-type":"","background-media":"","overlay-type":"","overlay-color":"","overlay-opacity":"","overlay-gradient":""},"tablet":{"background-color":"var(--ast-global-color-4)","background-image":"","background-repeat":"repeat","background-position":"center center","background-size":"auto","background-attachment":"scroll","background-type":"","background-media":"","overlay-type":"","overlay-color":"","overlay-opacity":"","overlay-gradient":""},"mobile":{"background-color":"var(--ast-global-color-4)","background-image":"","background-repeat":"repeat","background-position":"center center","background-size":"auto","background-attachment":"scroll","background-type":"","background-media":"","overlay-type":"","overlay-color":"","overlay-opacity":"","overlay-gradient":""}},"footnotes":""},"class_list":["post-1849","page","type-page","status-publish","hentry"],"_links":{"self":[{"href":"https:\/\/goya-oit.org\/en\/wp-json\/wp\/v2\/pages\/1849","targetHints":{"allow":["GET"]}}],"collection":[{"href":"https:\/\/goya-oit.org\/en\/wp-json\/wp\/v2\/pages"}],"about":[{"href":"https:\/\/goya-oit.org\/en\/wp-json\/wp\/v2\/types\/page"}],"author":[{"embeddable":true,"href":"https:\/\/goya-oit.org\/en\/wp-json\/wp\/v2\/users\/1"}],"replies":[{"embeddable":true,"href":"https:\/\/goya-oit.org\/en\/wp-json\/wp\/v2\/comments?post=1849"}],"version-history":[{"count":52,"href":"https:\/\/goya-oit.org\/en\/wp-json\/wp\/v2\/pages\/1849\/revisions"}],"predecessor-version":[{"id":1923,"href":"https:\/\/goya-oit.org\/en\/wp-json\/wp\/v2\/pages\/1849\/revisions\/1923"}],"wp:attachment":[{"href":"https:\/\/goya-oit.org\/en\/wp-json\/wp\/v2\/media?parent=1849"}],"curies":[{"name":"wp","href":"https:\/\/api.w.org\/{rel}","templated":true}]}}